{"id":952,"date":"2025-07-16T12:41:24","date_gmt":"2025-07-16T11:41:24","guid":{"rendered":"https:\/\/www.trasferirsiallecanarie.info\/tac\/?page_id=952"},"modified":"2025-07-16T12:41:25","modified_gmt":"2025-07-16T11:41:25","slug":"libro-capitolo-9","status":"publish","type":"page","link":"https:\/\/www.trasferirsiallecanarie.info\/tac\/istruzioni\/libro-capitolo-9\/","title":{"rendered":"Libro Capitolo 9"},"content":{"rendered":"\n<h2 class=\"wp-block-heading\">CAPITOLO 9 &#8211; I furbi non si iscrivono all&#8217;AIRE<\/h2>\n\n\n\n<h4 class=\"wp-block-heading\"><strong>Vantaggi e svantaggi dell\u2019iscrizione all&#8217;Anagrafe degli Italiani<br><br>Residenti all\u2019Estero<\/strong><\/h4>\n\n\n\n<p>Ultimamente stiamo ricevendo in agenzia parecchie telefonate tipo:<\/p>\n\n\n\n<p><strong>TAC:<\/strong>&nbsp;Trasferirsi Alle Canarie buon giorno!\u201d<strong><\/strong><\/p>\n\n\n\n<p><strong>Cliente:&nbsp;Buongiorno sono il sig. Pinco Pallino, vorrei chiedere una informazione sulla fiscalit\u00e0.<\/strong><\/p>\n\n\n\n<p><strong>TAC:&nbsp;Certo mi dica pure vediamo come possiamo aiutarla.<\/strong><strong>Cliente:&nbsp;Allora ho fatto il nie verde, e vivo alle Canarie da 5 anni per\u00f3 non ho voluto fare l\u2019iscrizione all\u2019Aire.<\/strong><\/p>\n\n\n\n<p>Adesso l\u2019agenzia tributaria italiana mi sta chiedendo delle tasse arretrate del 2017 per un importo di 40.000 euro, ma io non capisco come mai&#8230;se adesso vivo alle Canarie, inoltre sto gi\u00e0 pagando le tasse qui; gi\u00e0 da 5 anni.<\/p>\n\n\n\n<p><strong>TAC:&nbsp;Scusi sig. Pinco lei non ha seguito tutti i passi necessari per \u201cstaccarsi dall\u2019Italia\u201d per quanto riguarda i redditi prodotti all\u2019estero? Come mai non ha fatto l\u2019iscrizione AIRE?<\/strong><strong>Cliente:&nbsp;ma un mio amico cameriere che vive qui da tanti anni alle Canarie&nbsp;mi ha consigliato di non iscrivermi per \u201cnon far sapere all\u2019Italia\u201d dove stavo\u2026<\/strong><\/p>\n\n\n\n<p><strong>TAC:&nbsp;Caro signor Pinco purtroppo il suo amico \u201cfurbetto\u201d la ha consigliata male; se non ha seguito la giusta procedura che prevede anche l\u2019iscrizione all\u2019AIRE per la fiscalit\u00e0 italiana lei non ha \u201cperso\u201d la residenza fiscale in Italia quindi l\u2019agenzia tributaria continua e continuer\u00e0 a chiederle le tasse, con tutti gli interessi che hanno maturato in questi anni.<\/strong><\/p>\n\n\n\n<p>Ora dovr\u00e0 faticare non poco per dimostrare il contrario e dovr\u00e0 comunque sostenere un accertamento oltre a una prima doppia imposizione.<strong>Cliente:&nbsp;ma come io sto gi\u00e0 pagando qui le tasse, mannaggia al mio amico \u201cCAMERIERE\u201d che mi ha consigliato male&#8230;<\/strong><\/p>\n\n\n\n<p>Telefonata surreale, che spesso si verifica.<\/p>\n\n\n\n<p>Sono pi\u00fa di quanto tu possa pensare gli \u201camici\u201d camerieri, giardinieri, cuochi etc\u2026 esperti di fiscalit\u00e0 internazionale che consigliano, purtroppo male, i nostri connazionali che alla fine ne pagano le conseguenze.<\/p>\n\n\n\n<p>L\u2019anagrafe degli italiani residenti all\u2019estero e\u2019 stata introdotta nel 1990 per regolamentare la posizione di quei cittadini italiani che permanessero per pi\u00fa di 12 mesi all\u2019anno fuori dall\u2019Italia.<\/p>\n\n\n\n<p>Tale anagrafica e\u2019 come una medaglia; ha 2 facce: esiste la faccia dei vantaggi e l\u2019atra faccia purtroppo e\u2019 quella degli svantaggi.<\/p>\n\n\n\n<p>Veniamo nel dettaglio quali siano i vantaggi e svantaggi dell\u2019iscrizione all\u2019AIRE.<\/p>\n\n\n\n<p>Cominciamo col chiarire che non e\u2019 una scelta quella di iscriversi o meno; e\u2019 obbligatorio nei casi che ti cito di seguito, eppure ci sono diverse persone che decidono di non effettuare l\u2019iscrizione, \u201ci furbi\u201d, aiutati in tale infelice decisione dal fatto che&nbsp;<strong>non esiste una sanzione per non iscriversi<\/strong>, quindi molte persone pensano di non incorrere in conseguenze sanzionatorie.<\/p>\n\n\n\n<p>E\u2019 vero hanno ragione, non verranno sanzionate, ma le conseguenze fiscali \/ sociali \/ sanitarie saranno ben pi\u00fa gravi di una semplice sanzione. Continua a seguirmi che parleremo anche di questo.<\/p>\n\n\n\n<p>La mancata iscrizione, potr\u00e1 portarti ad essere inserito nell\u2019elenco comunale delle persone irreperibili,il che non e\u2019 una bella cosa, inoltre a livello Fiscale il Testo Unico delle Imposte sui Redditi, all\u2019articolo 2 stabilisce che anche se sei emigrato all\u2019estero per pi\u00fa di 183 giorni l\u2019anno (184 negli anni bisestili) manterrai la tua residenza fiscale in Italia, con conseguente&nbsp;<strong>obbligo di dichiarazione in Italia<\/strong>&nbsp;di tutti i redditi percepiti (anche quelli percepiti all\u2019estero).<\/p>\n\n\n\n<p>Gi\u00e0 solo questo basterebbe a farti capire l\u2019importanza di effettuare correttamente e debitamente l\u2019iscrizione AIRE.<\/p>\n\n\n\n<p><strong>Tuttavia vi sono dei casi in cui NON si \u00e8 tenuti ad iscriversi all&#8217;anagrafe degli italiani residenti all\u2019estero se:<\/strong><\/p>\n\n\n\n<p>Sei un militare in servizio NATO all\u2019estero<\/p>\n\n\n\n<p>Vai all\u2019estero come lavoratore stagionale (esempio gli animatori)<\/p>\n\n\n\n<p>Sei un dipendente di statale in servizio in ambasciate d\u2019Italia o consolati su suolo estero.<\/p>\n\n\n\n<p>Rimani fuori dall\u2019Italia per meno di 1 anno<\/p>\n\n\n\n<p><strong>Mentre invece sar\u00e0 obbligatorio iscriversi all\u2019AIRE per tutti quei cittadini italiani se:<\/strong><\/p>\n\n\n\n<p>Ti rechi in maniera duratura e stabile fuori dal suolo italiano per 12 ALMENO 12 mesi.<\/p>\n\n\n\n<p>Sei residente all&#8217;estero dopo aver ottenuto la cittadinanza italiana<\/p>\n\n\n\n<p>Nasci all\u2019estero da cittadini italiani e ivi risiedi per pi\u00fa di 12 mesi<\/p>\n\n\n\n<p>Sconsiglio vivamente di seguire i consigli degli amici \u201cfurbi\u201d che ti dicono di evitare l\u2019iscrizione all\u2019AIRE magari per non comunicare all\u2019Italia dove ti trovi perch\u00e9 l&#8217;amministrazione finanziaria sta facendo sempre pi\u00fa controlli in merito e mi auguro tu voglia evitare le conseguenze di una possibile imputazione di evasione fiscale o peggio estero vestizione.<\/p>\n\n\n\n<p>Vediamo dunque entrambi i lati di questa medaglia: vantaggi e svantaggi.<\/p>\n\n\n\n<p>Corretta iscrizione all\u2019AIRE: i vantaggi.<\/p>\n\n\n\n<p>Ottenere il claim back dell\u2019 IVA (rimborso iva se previsto) sulle merci che acquisti in Italia oppure sulle merci che ti spediscono.<\/p>\n\n\n\n<p>Per esempio in questi giorni sto osservando su Amazon un computer portatile in vendita dall\u2019Italia e nel momento in cui inserisco come indirizzo di spedizione le Canarie, il prezzo del computer scende di circa 500 euro; mi sembra un vantaggio degno di nota.<\/p>\n\n\n\n<p>Ti esime dall\u2019obbligo di iscrivere i figli alle scuole italiane (se si trovano in et\u00e0 dell\u2019obbligo scolare)<\/p>\n\n\n\n<p>Puoi richiedere ed ottenere certificati italiani o rinnovo \/ rilascio di passaporti o carte di identit\u00e0 richiedendoli direttamente in ambasciata.<\/p>\n\n\n\n<p>Anche questo e\u2019 un vantaggio degno di nota.<\/p>\n\n\n\n<p>Immagina quanto ho risparmiato quando a Las Palmas de Gran Canaria mi hanno fatto ottenere direttamente i passaporti per tutta la famiglia: ho risparmiato 4 biglietti aerei di andata e 4 di ritorno per l\u2019Italia, un soggiorno di una settimana o forse pi\u00fa, mangiare e spostarsi, taxi \/ auto a noleggio, autostrade, benzina, la pensione per il cagnolino che ci aspettava alle Canarie, lo stare lontano da casa e dal lavoro per tutto il periodo.<\/p>\n\n\n\n<p>Possibilit\u00e0 di sposarsi all\u2019estero grazie a un nulla osta rilasciato dall\u2019ambasciata.<\/p>\n\n\n\n<p>Puoi votare per le politiche e per i referendum per corrispondenza, senza viaggiare a Italia.<\/p>\n\n\n\n<p>Forse qualcuno di voi potr\u00e1 dire che non e\u2019 questo gran vantaggio; ma si dai teniamo alta la fiducia nelle istituzioni\u2026<\/p>\n\n\n\n<p>Come accennavamo abbiamo anche un rovescio della medaglia e quindi degli&nbsp;<strong>svantaggi<\/strong>&nbsp;nell\u2019iscriversi all\u2019AIRE:<\/p>\n\n\n\n<p>Obbligo di re &#8211; immatricolazione dell\u2019autovettura (italiana che ti porti all\u2019estero) con conseguente cambio targhe.<\/p>\n\n\n\n<p>Al momento della re &#8211; immatricolazione , sarete impossibilitati a utilizzare l\u2019assicurazione che hai gi\u00e0 attivato dall\u2019Italia.<\/p>\n\n\n\n<p>Ti suggerisco di portare con te il certificato bonus malus che potrai esibire nel nuovo paese per stipulare un contratto assicurativo per te pi\u00fa vantaggioso, inoltre potrai chiedere alla tua vecchia assicurazione il rimborso della parte id premio di cui non hai goduto, senza trasferire la garanzia della polizza su un altro veicolo.<\/p>\n\n\n\n<p>Impossibilit\u00e0 di rinnovare la patente italiana.<\/p>\n\n\n\n<p>La rinnoverai nel paese di residenza, per esempio io il primo rinnovo lo ho fatto alle Canarie ed ho ottenuto la patente Europea Spagnola (sostanzialmente e\u2019 identica in colori dimensioni e struttura a quella italiana con la differenza che ha il alto a sinistra una \u201cE di Espa\u00f1a invece di una I di Italia\u201d).<\/p>\n\n\n\n<p>Nota veramente pesante sul piatto della bilancia degli svantaggi dell\u2019iscrizione all\u2019AIRE e\u2019 la&nbsp;<strong>perdita della sanit\u00e0 italiana.<\/strong><\/p>\n\n\n\n<p>Riguardo la perdita della Sanit\u00e0 vorrei dedicare qualche parola in pi\u00fa.<\/p>\n\n\n\n<div class=\"wp-block-media-text has-media-on-the-right is-stacked-on-mobile\"><div class=\"wp-block-media-text__content\">\n<h2 class=\"wp-block-heading\"><strong>OTTIENI IL LIBRO<\/strong><\/h2>\n\n\n\n<p>Con la versione CARTACEA potrai ricevere una consulenza gratuita di 30 minuti<\/p>\n\n\n\n<p>INOLTRE in omaggio la versione digitale del libro da consultare comodamente anche sul tuo cellulare.<\/p>\n\n\n\n<p>ATTENZIONE! Potremo garantire solo un numero limitate di consulenze, le erogheremo per priorit\u00e0 tra gli acquirenti del libro cartaceo.<\/p>\n\n\n\n<div class=\"wp-block-uagb-buttons uagb-buttons__outer-wrap uagb-btn__default-btn uagb-btn-tablet__default-btn uagb-btn-mobile__default-btn uagb-block-f23370d6\"><div class=\"uagb-buttons__wrap uagb-buttons-layout-wrap \">\n<div class=\"wp-block-uagb-buttons-child uagb-buttons__outer-wrap uagb-block-2dc84290 wp-block-button\"><div class=\"uagb-button__wrapper\"><a class=\"uagb-buttons-repeater wp-block-button__link\" aria-label=\"\" href=\"https:\/\/amzn.to\/3papXiE\" rel=\"nofollow noopener\" target=\"_blank\" role=\"button\"><div class=\"uagb-button__link\">Formato Cartaceo<\/div><\/a><\/div><\/div>\n\n\n\n<div class=\"wp-block-uagb-buttons-child uagb-buttons__outer-wrap uagb-block-f02356f0 wp-block-button\"><div class=\"uagb-button__wrapper\"><a class=\"uagb-buttons-repeater wp-block-button__link\" aria-label=\"\" href=\"https:\/\/www.trasferirsiallecanarie.info\/servizi\/cambia-vita-prima-che-la-vita-cambi-te\/#digital\" rel=\"nofollow noopener\" target=\"_blank\" role=\"button\"><div class=\"uagb-button__link\">Formato Digitale<\/div><\/a><\/div><\/div>\n<\/div><\/div>\n<\/div><figure class=\"wp-block-media-text__media\"><img loading=\"lazy\" decoding=\"async\" width=\"540\" height=\"653\" src=\"https:\/\/www.trasferirsiallecanarie.info\/tac\/wp-content\/uploads\/2025\/07\/82799899_a2a9_414e_98e8_2c86079a87ca_768x929_1x.jpg\" alt=\"\" class=\"wp-image-950 size-full\" srcset=\"https:\/\/www.trasferirsiallecanarie.info\/tac\/wp-content\/uploads\/2025\/07\/82799899_a2a9_414e_98e8_2c86079a87ca_768x929_1x.jpg 540w, https:\/\/www.trasferirsiallecanarie.info\/tac\/wp-content\/uploads\/2025\/07\/82799899_a2a9_414e_98e8_2c86079a87ca_768x929_1x-248x300.jpg 248w\" sizes=\"auto, (max-width: 540px) 100vw, 540px\" \/><\/figure><\/div>\n\n\n\n<p>Questo e\u2019 uno dei motivi che scoraggia molto gli italiani a iscriversi correttamente all&#8217;anagrafe degli italiani residenti all\u2019estero, ma ancora una volta mi vedo costretto a consigliarti di fare le cose per bene.<\/p>\n\n\n\n<p>Qualcuno pensa di fare \u201cil furbo\u201d e anche in questa situazione cerca di mantenere la sanit\u00e0 nel proprio paese, il classico piede in due scarpe. Errore.<\/p>\n\n\n\n<p>Errore semplicemente perch\u00e9 nel momento in cui le autorit\u00e0 competenti si accorgono che non sei pi\u00fa in Italia (per esempio se usi la tessera sanitaria all\u2019estero ripetutamente) ti tolgono d\u2019ufficio la sanit\u00e0.<\/p>\n\n\n\n<p>Successe proprio a me anni fa, non perch\u00e9 volli fare il furbo ma semplicemente perch\u00e9 non era ancora trascorso il periodo dei 90 giorni in cui sei tenuto a presentare l\u2019iscrizione e io mi trovavo a fare un po\u2019 di avanti e indietro per terminare situazioni in sospeso.<\/p>\n\n\n\n<p>Quando il mio medico di famiglia venne a sapere che eravamo emigrati, automaticamente cess\u00f3 la sua prestazione sanitaria nei confronti miei e dei miei famigliari (sono obbligati a farlo per legge per evitare che gli si imputi che stanno facendo assistenza a pazienti fittizi per cui ricevano prestazioni economiche dal ministero della sanit\u00e0).<\/p>\n\n\n\n<p>Ora nel mio caso questo evento non ha portato a ripercussioni, ma purtroppo devo citare la storia di un povero connazionale non in regola con la sanit\u00e0 Canaria che a fronte di un gravissimo incidente stradale, e\u2019 stato soccorso e gli sono state prestate tutte le cure urgenti, ma poi la sua lunga degenza in ospedale come previsto da accordi bilaterali, ma successive cure non convenzionate lo hanno portato a ricevere una fattura di circa 80.000 euro di cure mediche che dovr\u00e0 sborsare di tasca sua. Oltre al danno anche la beffa.<\/p>\n\n\n\n<p>Ripensandoci, mi ritengo fortunato dato che a uso tempo anche io rimasi scoperto, seppur per un brevissimo periodo, per fortuna non ci furono conseguenze, infatti da li a breve ho ottenuto la residenza alle Canarie e seguito la pratica sanitaria per usufruire della sanit\u00e0 del luogo.<\/p>\n\n\n\n<p>Nei viaggi che facevo tra Canarie e Italia avevo comunque la copertura sanitaria urgente garantita anche in Italia grazie ad accordi bilaterali tra Spagna e Italia.<\/p>\n\n\n\n<p>E\u2019 consigliabile richiedere un Certificato Sostitutivo Provvisorio di Tessera Europea per avere l\u2019assistenza sanitaria da utilizzare nei tuoi viaggi (vacanze \/ lavoro \/ visita ai parenti) in Italia per 90 giorni all\u2019anno anche se non continuativi sempre che tu no abbia una alternativa copertura assicurativa o privata sul suolo italiano.<\/p>\n\n\n\n<p>Andiamo ad analizzare insieme gli effetti dell\u2019iscrizione AIRE sulla tassazione e imposte sui redditi prodotti.<\/p>\n\n\n\n<p>Nel caso un cittadino italiano iscritto AIRE produca dei redditi in Italia ( esempio abbia una casa di propriet\u00e0 in locazione) dovr\u00e0 tributare quella parte di reddito in Italia. Nel caso di un immobile vige un forte criterio di territorialit\u00e0, quindi senza ombra di dubbio la tassazione sull\u2019affitto proveniente da una casa su suolo italiano va all\u2019Italia, cos\u00ed come la tassa sui rifiuti TARI e l\u2019IMU se il comune non vi dichiara esenti.<\/p>\n\n\n\n<p>Anche i redditi prodotti come lavoratore autonomo all\u2019estero o da lavoratore dipendente all\u2019estero verranno attribuiti alla fiscalit\u00e0 italiana, e successivamente sarete tenuti a dichiarare anche nello stato estero, scontando l\u2019imposta gi\u00e0 versata in Italia, qualora sussista un trattato per evitare la doppia imposizione fiscale tra i 2 paesi.<\/p>\n\n\n\n<p>Un errore in cui puoi incappare, se non si e\u2019 iscritti all\u2019Aire e non si porta a termine la procedura di residenza fiscale nello stato ospitante, e\u2019 che quest\u2019ultimo ti chieder\u00e0 per intero le tasse derivanti da tutti i redditi prodotti, in quanto d\u2019ufficio ti riterr\u00e0 residente sul suo suolo per pi\u00fa di 183 giorni l\u2019anno quindi non terr\u00e0 conto delle tasse che hai gi\u00e0 versato in Italia.<\/p>\n\n\n\n<p>Qui alle Canarie \u00e9 successo a diversi Italiani che non hanno fatto le cose per bene.<\/p>\n\n\n\n<p>Anche in questo caso inizia un trafila burocratica e legale lunghissima per dimostrare tra le due agenzie tributarie dove il reddito debba essere attribuito.<\/p>\n\n\n\n<p>Nel frattempo paghi due volte le tasse, poi tra qualche anno, se non ti stanchi prima, si ver\u00e1 come si risolve.<\/p>\n\n\n\n<p>Tieni presente che per non essere iscritti all\u2019aire, a effetto dell\u2019articolo 2 del testo unico delle imposte sui redditi (DPR 917-86) si e\u2019 tenuti a tributare completamente in Italia, mentre per i regolarmente iscritti all&#8217;anagrafe degli italiani residenti all\u2019estero si applicher\u00e0 la tassazione italiana solo ai redditi prodotti su suolo italiano.<\/p>\n\n\n\n<p>Capisci l\u2019importanza di essere correttamente iscritti all\u2019AIRE?<\/p>\n\n\n\n<p>Anche nell\u2019ambito fiscale vi e\u2019 per\u00f3 l\u2019 altro lato della medaglia, quello degli svantaggi.<\/p>\n\n\n\n<p>A livello fiscale, per gli iscritti regolarmente all\u2019 AIRE vi sono degli oneri che non possono venire dedotti nella parte di dichiarazione fatta in italia; vediamone alcuni:<\/p>\n\n\n\n<p>Non potrai dedurre somme versate a scopo previdenziale complementare, non si ha diritto a detrazione d&#8217;imposta per familiari a carico, nessuna deduzione per spese universitarie o spese mediche.<\/p>\n\n\n\n<p>Penso che ormai sia chiaro che ti conviene ascoltare i consigli dell\u2019amico cameriere o cuoco SOLO per delle succulente ricette di cibi tipici della terra che ti ospita.<\/p>\n\n\n\n<p>Per quanto riguarda la sistemazione burocratica affidati a agenzie professioniste del settore.<\/p>\n\n\n\n<p>I controlli sono sempre epi\u00fa frequenti e se non hai curato bene la trafila burocratica e il fisco ha individuato una residenza fiscale fittizia per eludere il fisco italiano, potresti trovarti a ricevere la richiesta di riportare la residenza fiscale in Italia con tutte le conseguenze che puoi ben immaginare<\/p>\n\n\n\n<p>RICAPITOLANDO<\/p>\n\n\n\n<p>C\u2019\u00e8 chi crede di riuscire a fare un trasferimento ben fatto con una \u201cchiacchierata di fronte ad un caff\u00e8, o con il proprio amico cameriere\u201d.<\/p>\n\n\n\n<p>Qual \u00e8 il risultato nel 95% dei casi?<\/p>\n\n\n\n<p>Problemi fiscali, tasse arretrate, burocrazie allungate di moltissimo, rischi giuridici nei confronti dell\u2019ordinamento italiano\u2026 insomma, tanti guai.<\/p>\n\n\n\n<p>La regola che ho imparato negli anni \u00e8 questa: i FURBETTI non si iscrivono all\u2019AIRE, credendo di averla vinta ed \u201celudere\u201d la legge italiana!<\/p>\n\n\n\n<p>In questo capitolo abbiamo spiegato, pi\u00f9 in generale, perch\u00e9 occorre necessariamente seguire una procedura seria (ed affidarsi a esperti) se si vuole venire qui alle Canarie, o pi\u00f9 in generale ci si vuole trasferire in un altro posto del mondo.<\/p>\n\n\n\n<p>Occhi aperti!<\/p>\n\n\n\n<div class=\"wp-block-media-text has-media-on-the-right is-stacked-on-mobile\"><div class=\"wp-block-media-text__content\">\n<h2 class=\"wp-block-heading\"><strong>OTTIENI IL LIBRO<\/strong><\/h2>\n\n\n\n<p>Con la versione CARTACEA potrai ricevere una consulenza gratuita di 30 minuti<\/p>\n\n\n\n<p>INOLTRE in omaggio la versione digitale del libro da consultare comodamente anche sul tuo cellulare.<\/p>\n\n\n\n<p>ATTENZIONE! Potremo garantire solo un numero limitate di consulenze, le erogheremo per priorit\u00e0 tra gli acquirenti del libro cartaceo.<\/p>\n\n\n\n<div class=\"wp-block-uagb-buttons uagb-buttons__outer-wrap uagb-btn__default-btn uagb-btn-tablet__default-btn uagb-btn-mobile__default-btn uagb-block-69907230\"><div class=\"uagb-buttons__wrap uagb-buttons-layout-wrap \">\n<div class=\"wp-block-uagb-buttons-child uagb-buttons__outer-wrap uagb-block-3defce64 wp-block-button\"><div class=\"uagb-button__wrapper\"><a class=\"uagb-buttons-repeater wp-block-button__link\" aria-label=\"\" href=\"https:\/\/amzn.to\/3papXiE\" rel=\"nofollow noopener\" target=\"_blank\" role=\"button\"><div class=\"uagb-button__link\">Formato Cartaceo<\/div><\/a><\/div><\/div>\n\n\n\n<div class=\"wp-block-uagb-buttons-child uagb-buttons__outer-wrap uagb-block-9612e5df wp-block-button\"><div class=\"uagb-button__wrapper\"><a class=\"uagb-buttons-repeater wp-block-button__link\" aria-label=\"\" href=\"https:\/\/www.trasferirsiallecanarie.info\/servizi\/cambia-vita-prima-che-la-vita-cambi-te\/#digital\" rel=\"nofollow noopener\" target=\"_blank\" role=\"button\"><div class=\"uagb-button__link\">Formato Digitale<\/div><\/a><\/div><\/div>\n<\/div><\/div>\n<\/div><figure class=\"wp-block-media-text__media\"><img loading=\"lazy\" decoding=\"async\" width=\"540\" height=\"653\" src=\"https:\/\/www.trasferirsiallecanarie.info\/tac\/wp-content\/uploads\/2025\/07\/82799899_a2a9_414e_98e8_2c86079a87ca_768x929_1x.jpg\" alt=\"\" class=\"wp-image-950 size-full\" srcset=\"https:\/\/www.trasferirsiallecanarie.info\/tac\/wp-content\/uploads\/2025\/07\/82799899_a2a9_414e_98e8_2c86079a87ca_768x929_1x.jpg 540w, https:\/\/www.trasferirsiallecanarie.info\/tac\/wp-content\/uploads\/2025\/07\/82799899_a2a9_414e_98e8_2c86079a87ca_768x929_1x-248x300.jpg 248w\" sizes=\"auto, (max-width: 540px) 100vw, 540px\" \/><\/figure><\/div>\n","protected":false},"excerpt":{"rendered":"<p>CAPITOLO 9 &#8211; I furbi non si iscrivono all&#8217;AIRE Vantaggi e svantaggi dell\u2019iscrizione all&#8217;Anagrafe degli Italiani Residenti all\u2019Estero Ultimamente stiamo ricevendo in agenzia parecchie telefonate tipo: TAC:&nbsp;Trasferirsi Alle Canarie buon giorno!\u201d Cliente:&nbsp;Buongiorno sono il sig. Pinco Pallino, vorrei chiedere una informazione sulla fiscalit\u00e0. TAC:&nbsp;Certo mi dica pure vediamo come possiamo aiutarla.Cliente:&nbsp;Allora ho fatto il nie [&hellip;]<\/p>\n","protected":false},"author":1,"featured_media":0,"parent":791,"menu_order":0,"comment_status":"closed","ping_status":"closed","template":"","meta":{"_uag_custom_page_level_css":"","site-sidebar-layout":"default","site-content-layout":"","ast-site-content-layout":"default","site-content-style":"default","site-sidebar-style":"default","ast-global-header-display":"","ast-banner-title-visibility":"","ast-main-header-display":"","ast-hfb-above-header-display":"","ast-hfb-below-header-display":"","ast-hfb-mobile-header-display":"","site-post-title":"disabled","ast-breadcrumbs-content":"","ast-featured-img":"","footer-sml-layout":"","ast-disable-related-posts":"","theme-transparent-header-meta":"","adv-header-id-meta":"","stick-header-meta":"","header-above-stick-meta":"","header-main-stick-meta":"","header-below-stick-meta":"","astra-migrate-meta-layouts":"default","ast-page-background-enabled":"default","ast-page-background-meta":{"desktop":{"background-color":"var(--ast-global-color-4)","background-image":"","background-repeat":"repeat","background-position":"center center","background-size":"auto","background-attachment":"scroll","background-type":"","background-media":"","overlay-type":"","overlay-color":"","overlay-opacity":"","overlay-gradient":""},"tablet":{"background-color":"","background-image":"","background-repeat":"repeat","background-position":"center center","background-size":"auto","background-attachment":"scroll","background-type":"","background-media":"","overlay-type":"","overlay-color":"","overlay-opacity":"","overlay-gradient":""},"mobile":{"background-color":"","background-image":"","background-repeat":"repeat","background-position":"center center","background-size":"auto","background-attachment":"scroll","background-type":"","background-media":"","overlay-type":"","overlay-color":"","overlay-opacity":"","overlay-gradient":""}},"ast-content-background-meta":{"desktop":{"background-color":"var(--ast-global-color-5)","background-image":"","background-repeat":"repeat","background-position":"center center","background-size":"auto","background-attachment":"scroll","background-type":"","background-media":"","overlay-type":"","overlay-color":"","overlay-opacity":"","overlay-gradient":""},"tablet":{"background-color":"var(--ast-global-color-5)","background-image":"","background-repeat":"repeat","background-position":"center center","background-size":"auto","background-attachment":"scroll","background-type":"","background-media":"","overlay-type":"","overlay-color":"","overlay-opacity":"","overlay-gradient":""},"mobile":{"background-color":"var(--ast-global-color-5)","background-image":"","background-repeat":"repeat","background-position":"center center","background-size":"auto","background-attachment":"scroll","background-type":"","background-media":"","overlay-type":"","overlay-color":"","overlay-opacity":"","overlay-gradient":""}},"footnotes":""},"class_list":["post-952","page","type-page","status-publish","hentry"],"uagb_featured_image_src":{"full":false,"thumbnail":false,"medium":false,"medium_large":false,"large":false,"1536x1536":false,"2048x2048":false},"uagb_author_info":{"display_name":"tac2024","author_link":"https:\/\/www.trasferirsiallecanarie.info\/tac\/author\/tac2024\/"},"uagb_comment_info":0,"uagb_excerpt":"CAPITOLO 9 &#8211; I furbi non si iscrivono all&#8217;AIRE Vantaggi e svantaggi dell\u2019iscrizione all&#8217;Anagrafe degli Italiani Residenti all\u2019Estero Ultimamente stiamo ricevendo in agenzia parecchie telefonate tipo: TAC:&nbsp;Trasferirsi Alle Canarie buon giorno!\u201d Cliente:&nbsp;Buongiorno sono il sig. Pinco Pallino, vorrei chiedere una informazione sulla fiscalit\u00e0. TAC:&nbsp;Certo mi dica pure vediamo come possiamo aiutarla.Cliente:&nbsp;Allora ho fatto il nie&hellip;","_links":{"self":[{"href":"https:\/\/www.trasferirsiallecanarie.info\/tac\/wp-json\/wp\/v2\/pages\/952","targetHints":{"allow":["GET"]}}],"collection":[{"href":"https:\/\/www.trasferirsiallecanarie.info\/tac\/wp-json\/wp\/v2\/pages"}],"about":[{"href":"https:\/\/www.trasferirsiallecanarie.info\/tac\/wp-json\/wp\/v2\/types\/page"}],"author":[{"embeddable":true,"href":"https:\/\/www.trasferirsiallecanarie.info\/tac\/wp-json\/wp\/v2\/users\/1"}],"replies":[{"embeddable":true,"href":"https:\/\/www.trasferirsiallecanarie.info\/tac\/wp-json\/wp\/v2\/comments?post=952"}],"version-history":[{"count":1,"href":"https:\/\/www.trasferirsiallecanarie.info\/tac\/wp-json\/wp\/v2\/pages\/952\/revisions"}],"predecessor-version":[{"id":953,"href":"https:\/\/www.trasferirsiallecanarie.info\/tac\/wp-json\/wp\/v2\/pages\/952\/revisions\/953"}],"up":[{"embeddable":true,"href":"https:\/\/www.trasferirsiallecanarie.info\/tac\/wp-json\/wp\/v2\/pages\/791"}],"wp:attachment":[{"href":"https:\/\/www.trasferirsiallecanarie.info\/tac\/wp-json\/wp\/v2\/media?parent=952"}],"curies":[{"name":"wp","href":"https:\/\/api.w.org\/{rel}","templated":true}]}}